{"id":2560,"date":"2023-03-30T14:10:23","date_gmt":"2023-03-30T12:10:23","guid":{"rendered":"https:\/\/6eme-sens.tv\/nos-realisations\/"},"modified":"2023-09-27T10:42:42","modified_gmt":"2023-09-27T08:42:42","slug":"our-projects","status":"publish","type":"page","link":"https:\/\/6eme-sens.tv\/en\/our-projects\/","title":{"rendered":"Our projects"},"content":{"rendered":"<h1>Our projects<\/h1>\n","protected":false},"excerpt":{"rendered":"<p>Our projects<\/p>\n","protected":false},"author":2,"featured_media":0,"parent":0,"menu_order":0,"comment_status":"closed","ping_status":"closed","template":"elementor_header_footer","meta":{"_monsterinsights_skip_tracking":false,"_monsterinsights_sitenote_active":false,"_monsterinsights_sitenote_note":"","_monsterinsights_sitenote_category":0,"footnotes":""},"class_list":["post-2560","page","type-page","status-publish","hentry"],"yoast_head":"<!-- This site is optimized with the Yoast SEO plugin v24.4 - https:\/\/yoast.com\/wordpress\/plugins\/seo\/ -->\n<title>Our projects - 6eme SENS<\/title>\n<meta name=\"description\" content=\"ind out more about our audiovisual projects as well as our creative and professional productions for all types of companies.\" \/>\n<meta name=\"robots\" content=\"index, follow, max-snippet:-1, max-image-preview:large, max-video-preview:-1\" \/>\n<link rel=\"canonical\" href=\"https:\/\/6eme-sens.tv\/en\/our-projects\/\" \/>\n<meta property=\"og:locale\" content=\"en_US\" \/>\n<meta property=\"og:type\" content=\"article\" \/>\n<meta property=\"og:title\" content=\"Our projects - 6eme SENS\" \/>\n<meta property=\"og:description\" content=\"ind out more about our audiovisual projects as well as our creative and professional productions for all types of companies.\" \/>\n<meta property=\"og:url\" content=\"https:\/\/6eme-sens.tv\/en\/our-projects\/\" \/>\n<meta property=\"og:site_name\" content=\"6eme SENS\" \/>\n<meta property=\"article:publisher\" content=\"https:\/\/www.facebook.com\/6emesens\" \/>\n<meta property=\"article:modified_time\" content=\"2023-09-27T08:42:42+00:00\" \/>\n<meta name=\"twitter:card\" content=\"summary_large_image\" \/>\n<meta name=\"twitter:label1\" content=\"Est. reading time\" \/>\n\t<meta name=\"twitter:data1\" content=\"1 minute\" \/>\n<script type=\"application\/ld+json\" class=\"yoast-schema-graph\">{\"@context\":\"https:\/\/schema.org\",\"@graph\":[{\"@type\":\"WebPage\",\"@id\":\"https:\/\/6eme-sens.tv\/en\/our-projects\/\",\"url\":\"https:\/\/6eme-sens.tv\/en\/our-projects\/\",\"name\":\"Our projects - 6eme SENS\",\"isPartOf\":{\"@id\":\"https:\/\/6eme-sens.tv\/#website\"},\"datePublished\":\"2023-03-30T12:10:23+00:00\",\"dateModified\":\"2023-09-27T08:42:42+00:00\",\"description\":\"ind out more about our audiovisual projects as well as our creative and professional productions for all types of companies.\",\"breadcrumb\":{\"@id\":\"https:\/\/6eme-sens.tv\/en\/our-projects\/#breadcrumb\"},\"inLanguage\":\"en-US\",\"potentialAction\":[{\"@type\":\"ReadAction\",\"target\":[\"https:\/\/6eme-sens.tv\/en\/our-projects\/\"]}]},{\"@type\":\"BreadcrumbList\",\"@id\":\"https:\/\/6eme-sens.tv\/en\/our-projects\/#breadcrumb\",\"itemListElement\":[{\"@type\":\"ListItem\",\"position\":1,\"name\":\"Accueil\",\"item\":\"https:\/\/6eme-sens.tv\/en\/\"},{\"@type\":\"ListItem\",\"position\":2,\"name\":\"Our projects\"}]},{\"@type\":\"WebSite\",\"@id\":\"https:\/\/6eme-sens.tv\/#website\",\"url\":\"https:\/\/6eme-sens.tv\/\",\"name\":\"6eme SENS\",\"description\":\"Nos solutions audiovisuelles et digitales au c\u0153ur de vos \u00e9v\u00e9nements\",\"publisher\":{\"@id\":\"https:\/\/6eme-sens.tv\/#organization\"},\"potentialAction\":[{\"@type\":\"SearchAction\",\"target\":{\"@type\":\"EntryPoint\",\"urlTemplate\":\"https:\/\/6eme-sens.tv\/?s={search_term_string}\"},\"query-input\":{\"@type\":\"PropertyValueSpecification\",\"valueRequired\":true,\"valueName\":\"search_term_string\"}}],\"inLanguage\":\"en-US\"},{\"@type\":\"Organization\",\"@id\":\"https:\/\/6eme-sens.tv\/#organization\",\"name\":\"6eme SENS\",\"url\":\"https:\/\/6eme-sens.tv\/\",\"logo\":{\"@type\":\"ImageObject\",\"inLanguage\":\"en-US\",\"@id\":\"https:\/\/6eme-sens.tv\/#\/schema\/logo\/image\/\",\"url\":\"https:\/\/6eme-sens.tv\/wp-content\/uploads\/2023\/03\/6eme-sens-logo.png\",\"contentUrl\":\"https:\/\/6eme-sens.tv\/wp-content\/uploads\/2023\/03\/6eme-sens-logo.png\",\"width\":333,\"height\":109,\"caption\":\"6eme SENS\"},\"image\":{\"@id\":\"https:\/\/6eme-sens.tv\/#\/schema\/logo\/image\/\"},\"sameAs\":[\"https:\/\/www.facebook.com\/6emesens\",\"https:\/\/www.linkedin.com\/company\/6eme-sens\/\"]}]}<\/script>\n<!-- \/ Yoast SEO plugin. -->","yoast_head_json":{"title":"Our projects - 6eme SENS","description":"ind out more about our audiovisual projects as well as our creative and professional productions for all types of companies.","robots":{"index":"index","follow":"follow","max-snippet":"max-snippet:-1","max-image-preview":"max-image-preview:large","max-video-preview":"max-video-preview:-1"},"canonical":"https:\/\/6eme-sens.tv\/en\/our-projects\/","og_locale":"en_US","og_type":"article","og_title":"Our projects - 6eme SENS","og_description":"ind out more about our audiovisual projects as well as our creative and professional productions for all types of companies.","og_url":"https:\/\/6eme-sens.tv\/en\/our-projects\/","og_site_name":"6eme SENS","article_publisher":"https:\/\/www.facebook.com\/6emesens","article_modified_time":"2023-09-27T08:42:42+00:00","twitter_card":"summary_large_image","twitter_misc":{"Est. reading time":"1 minute"},"schema":{"@context":"https:\/\/schema.org","@graph":[{"@type":"WebPage","@id":"https:\/\/6eme-sens.tv\/en\/our-projects\/","url":"https:\/\/6eme-sens.tv\/en\/our-projects\/","name":"Our projects - 6eme SENS","isPartOf":{"@id":"https:\/\/6eme-sens.tv\/#website"},"datePublished":"2023-03-30T12:10:23+00:00","dateModified":"2023-09-27T08:42:42+00:00","description":"ind out more about our audiovisual projects as well as our creative and professional productions for all types of companies.","breadcrumb":{"@id":"https:\/\/6eme-sens.tv\/en\/our-projects\/#breadcrumb"},"inLanguage":"en-US","potentialAction":[{"@type":"ReadAction","target":["https:\/\/6eme-sens.tv\/en\/our-projects\/"]}]},{"@type":"BreadcrumbList","@id":"https:\/\/6eme-sens.tv\/en\/our-projects\/#breadcrumb","itemListElement":[{"@type":"ListItem","position":1,"name":"Accueil","item":"https:\/\/6eme-sens.tv\/en\/"},{"@type":"ListItem","position":2,"name":"Our projects"}]},{"@type":"WebSite","@id":"https:\/\/6eme-sens.tv\/#website","url":"https:\/\/6eme-sens.tv\/","name":"6eme SENS","description":"Nos solutions audiovisuelles et digitales au c\u0153ur de vos \u00e9v\u00e9nements","publisher":{"@id":"https:\/\/6eme-sens.tv\/#organization"},"potentialAction":[{"@type":"SearchAction","target":{"@type":"EntryPoint","urlTemplate":"https:\/\/6eme-sens.tv\/?s={search_term_string}"},"query-input":{"@type":"PropertyValueSpecification","valueRequired":true,"valueName":"search_term_string"}}],"inLanguage":"en-US"},{"@type":"Organization","@id":"https:\/\/6eme-sens.tv\/#organization","name":"6eme SENS","url":"https:\/\/6eme-sens.tv\/","logo":{"@type":"ImageObject","inLanguage":"en-US","@id":"https:\/\/6eme-sens.tv\/#\/schema\/logo\/image\/","url":"https:\/\/6eme-sens.tv\/wp-content\/uploads\/2023\/03\/6eme-sens-logo.png","contentUrl":"https:\/\/6eme-sens.tv\/wp-content\/uploads\/2023\/03\/6eme-sens-logo.png","width":333,"height":109,"caption":"6eme SENS"},"image":{"@id":"https:\/\/6eme-sens.tv\/#\/schema\/logo\/image\/"},"sameAs":["https:\/\/www.facebook.com\/6emesens","https:\/\/www.linkedin.com\/company\/6eme-sens\/"]}]}},"_links":{"self":[{"href":"https:\/\/6eme-sens.tv\/en\/wp-json\/wp\/v2\/pages\/2560","targetHints":{"allow":["GET"]}}],"collection":[{"href":"https:\/\/6eme-sens.tv\/en\/wp-json\/wp\/v2\/pages"}],"about":[{"href":"https:\/\/6eme-sens.tv\/en\/wp-json\/wp\/v2\/types\/page"}],"author":[{"embeddable":true,"href":"https:\/\/6eme-sens.tv\/en\/wp-json\/wp\/v2\/users\/2"}],"replies":[{"embeddable":true,"href":"https:\/\/6eme-sens.tv\/en\/wp-json\/wp\/v2\/comments?post=2560"}],"version-history":[{"count":5,"href":"https:\/\/6eme-sens.tv\/en\/wp-json\/wp\/v2\/pages\/2560\/revisions"}],"predecessor-version":[{"id":2623,"href":"https:\/\/6eme-sens.tv\/en\/wp-json\/wp\/v2\/pages\/2560\/revisions\/2623"}],"wp:attachment":[{"href":"https:\/\/6eme-sens.tv\/en\/wp-json\/wp\/v2\/media?parent=2560"}],"curies":[{"name":"wp","href":"https:\/\/api.w.org\/{rel}","templated":true}]}}