{"id":2566,"date":"2023-03-30T17:19:05","date_gmt":"2023-03-30T15:19:05","guid":{"rendered":"https:\/\/6eme-sens.tv\/nous-contacter\/"},"modified":"2023-09-27T18:23:58","modified_gmt":"2023-09-27T16:23:58","slug":"contact-6-sens","status":"publish","type":"page","link":"https:\/\/6eme-sens.tv\/en\/contact-6-sens\/","title":{"rendered":"Contact us"},"content":{"rendered":"\t\t<div data-elementor-type=\"wp-page\" data-elementor-id=\"2566\" class=\"elementor elementor-2566 elementor-1098\" data-elementor-post-type=\"page\">\n\t\t\t\t\t\t<section class=\"elementor-section elementor-top-section elementor-element elementor-element-62cfd1b elementor-section-height-min-height elementor-section-boxed elementor-section-height-default elementor-section-items-middle\" data-id=\"62cfd1b\" data-element_type=\"section\" data-settings=\"{&quot;background_background&quot;:&quot;classic&quot;}\">\n\t\t\t\t\t\t\t<div class=\"elementor-background-overlay\"><\/div>\n\t\t\t\t\t\t\t<div class=\"elementor-container elementor-column-gap-default\">\n\t\t\t\t\t<div class=\"elementor-column elementor-col-100 elementor-top-column elementor-element elementor-element-f2f8e9e\" data-id=\"f2f8e9e\" data-element_type=\"column\">\n\t\t\t<div class=\"elementor-widget-wrap elementor-element-populated\">\n\t\t\t\t\t\t<div class=\"elementor-element elementor-element-9b2b5e1 de_scroll_animation_no elementor-widget elementor-widget-heading\" data-id=\"9b2b5e1\" data-element_type=\"widget\" data-widget_type=\"heading.default\">\n\t\t\t\t<div class=\"elementor-widget-container\">\n\t\t\t\t\t<h1 class=\"elementor-heading-title elementor-size-default\">Contact us<\/h1>\t\t\t\t<\/div>\n\t\t\t\t<\/div>\n\t\t\t\t\t<\/div>\n\t\t<\/div>\n\t\t\t\t\t<\/div>\n\t\t<\/section>\n\t\t\t\t<section class=\"elementor-section elementor-top-section elementor-element elementor-element-d723cfb elementor-section-boxed elementor-section-height-default elementor-section-height-default\" data-id=\"d723cfb\" data-element_type=\"section\">\n\t\t\t\t\t\t<div class=\"elementor-container elementor-column-gap-default\">\n\t\t\t\t\t<div class=\"elementor-column elementor-col-100 elementor-top-column elementor-element elementor-element-a6114d5\" data-id=\"a6114d5\" data-element_type=\"column\">\n\t\t\t<div class=\"elementor-widget-wrap elementor-element-populated\">\n\t\t\t\t\t\t<div class=\"elementor-element elementor-element-c32fb5f de_scroll_animation_no elementor-widget elementor-widget-heading\" data-id=\"c32fb5f\" data-element_type=\"widget\" data-widget_type=\"heading.default\">\n\t\t\t\t<div class=\"elementor-widget-container\">\n\t\t\t\t\t<h3 class=\"elementor-heading-title elementor-size-default\">Have a question?<\/h3>\t\t\t\t<\/div>\n\t\t\t\t<\/div>\n\t\t\t\t<div class=\"elementor-element elementor-element-254f86c de_scroll_animation_no elementor-widget elementor-widget-text-editor\" data-id=\"254f86c\" data-element_type=\"widget\" data-widget_type=\"text-editor.default\">\n\t\t\t\t<div class=\"elementor-widget-container\">\n\t\t\t\t\t\t\t\t\t<p>If you would like more information about our services and solutions, please contact our team: we will gladly review your project and make you a tailored proposal.<\/p>\t\t\t\t\t\t\t\t<\/div>\n\t\t\t\t<\/div>\n\t\t\t\t\t<\/div>\n\t\t<\/div>\n\t\t\t\t\t<\/div>\n\t\t<\/section>\n\t\t\t\t<section class=\"elementor-section elementor-top-section elementor-element elementor-element-794ff0a5 elementor-section-boxed elementor-section-height-default elementor-section-height-default\" data-id=\"794ff0a5\" data-element_type=\"section\">\n\t\t\t\t\t\t<div class=\"elementor-container elementor-column-gap-default\">\n\t\t\t\t\t<div class=\"elementor-column elementor-col-100 elementor-top-column elementor-element elementor-element-92d84ba elementor-invisible\" data-id=\"92d84ba\" data-element_type=\"column\" data-settings=\"{&quot;background_background&quot;:&quot;classic&quot;,&quot;animation&quot;:&quot;fadeInUp&quot;,&quot;animation_delay&quot;:200}\">\n\t\t\t<div class=\"elementor-widget-wrap elementor-element-populated\">\n\t\t\t\t\t<div class=\"elementor-background-overlay\"><\/div>\n\t\t\t\t\t\t<section class=\"elementor-section elementor-inner-section elementor-element elementor-element-e50d0b1 elementor-section-boxed elementor-section-height-default elementor-section-height-default\" data-id=\"e50d0b1\" data-element_type=\"section\">\n\t\t\t\t\t\t<div class=\"elementor-container elementor-column-gap-default\">\n\t\t\t\t\t<div class=\"elementor-column elementor-col-50 elementor-inner-column elementor-element elementor-element-2b5cd2b\" data-id=\"2b5cd2b\" data-element_type=\"column\">\n\t\t\t<div class=\"elementor-widget-wrap elementor-element-populated\">\n\t\t\t\t\t\t<div class=\"elementor-element elementor-element-d66e923 elementor-view-default elementor-position-top elementor-mobile-position-top de_scroll_animation_no elementor-widget elementor-widget-icon-box\" data-id=\"d66e923\" data-element_type=\"widget\" data-widget_type=\"icon-box.default\">\n\t\t\t\t<div class=\"elementor-widget-container\">\n\t\t\t\t\t\t\t<div class=\"elementor-icon-box-wrapper\">\n\n\t\t\t\t\t\t<div class=\"elementor-icon-box-icon\">\n\t\t\t\t<span  class=\"elementor-icon\">\n\t\t\t\t<svg xmlns=\"http:\/\/www.w3.org\/2000\/svg\" width=\"27.98\" height=\"31.5\" viewBox=\"0 0 27.98 31.5\"><path id=\"call\" d=\"M24.242,32.35c-1.527,0-3.893-.977-6.33-2.614a33.889,33.889,0,0,1-8.126-7.9C4.781,15.094,2.45,10.384,2.45,7.017A5.735,5.735,0,0,1,5.2,2.261l.156-.115.034-.024.306-.2A7.131,7.131,0,0,1,9.346.85a2.555,2.555,0,0,1,2.467,1.617c.1.244.647,1.454,1.132,2.52.539,1.187,1.049,2.307,1.159,2.584l.006.015A2.93,2.93,0,0,1,13.1,11.078l-.039.026-.191.1-.074.054c-.27.2-.987.725-1.037,1.077l-.01.067-.009.027a2.748,2.748,0,0,0,.23.553c1.534,2.07,6.2,7.74,6.972,8.509a1.038,1.038,0,0,0,.7.322.448.448,0,0,0,.32-.114l.024-.024.026-.022a4.522,4.522,0,0,0,.692-.678l.043-.068.048-.041.134-.134.032-.026a2.92,2.92,0,0,1,1.719-.581,4.166,4.166,0,0,1,2.053.628l.02.012c1.449.932,4.67,3.113,4.7,3.135l.029.021a2.851,2.851,0,0,1,.553,3.607C29.429,29.243,26.958,32.35,24.242,32.35Zm-18-28.991-.148.11A4.231,4.231,0,0,0,3.95,7.017c0,2.987,2.3,7.543,7.04,13.928a32.372,32.372,0,0,0,7.759,7.546c2.589,1.74,4.535,2.36,5.493,2.36,1.9,0,3.951-2.536,4.393-3.862l.02-.061.031-.057a1.4,1.4,0,0,0-.092-1.745c-.272-.184-3.263-2.208-4.643-3.1a2.714,2.714,0,0,0-1.271-.408,1.45,1.45,0,0,0-.76.238l-.022.022a5.858,5.858,0,0,1-.9.9,1.935,1.935,0,0,1-1.353.527,2.53,2.53,0,0,1-1.764-.761c-.9-.9-5.715-6.774-7.157-8.731l-.038-.052-.029-.058a2.362,2.362,0,0,1-.374-1.649A3.624,3.624,0,0,1,11.9,10.045l.117-.087.054-.041.222-.111a1.443,1.443,0,0,0,.411-1.686C12.6,7.86,12.06,6.664,11.58,5.608,11.04,4.422,10.531,3.3,10.42,3.024A1.056,1.056,0,0,0,9.346,2.35a5.744,5.744,0,0,0-2.8.8l-.014.01Z\" transform=\"translate(-2.45 -0.85)\" fill=\"#ec1c24\"><\/path><\/svg>\t\t\t\t<\/span>\n\t\t\t<\/div>\n\t\t\t\n\t\t\t\t\t\t<div class=\"elementor-icon-box-content\">\n\n\t\t\t\t\t\t\t\t\t<h3 class=\"elementor-icon-box-title\">\n\t\t\t\t\t\t<span  >\n\t\t\t\t\t\t\tCall us\t\t\t\t\t\t<\/span>\n\t\t\t\t\t<\/h3>\n\t\t\t\t\n\t\t\t\t\t\t\t\t\t<p class=\"elementor-icon-box-description\">\n\t\t\t\t\t\t+33 (0)1 42 07 32 10\t\t\t\t\t<\/p>\n\t\t\t\t\n\t\t\t<\/div>\n\t\t\t\n\t\t<\/div>\n\t\t\t\t\t\t<\/div>\n\t\t\t\t<\/div>\n\t\t\t\t\t<\/div>\n\t\t<\/div>\n\t\t\t\t<div class=\"elementor-column elementor-col-50 elementor-inner-column elementor-element elementor-element-c63d207\" data-id=\"c63d207\" data-element_type=\"column\">\n\t\t\t<div class=\"elementor-widget-wrap elementor-element-populated\">\n\t\t\t\t\t\t<div class=\"elementor-element elementor-element-895abb3 elementor-view-default elementor-position-top elementor-mobile-position-top de_scroll_animation_no elementor-widget elementor-widget-icon-box\" data-id=\"895abb3\" data-element_type=\"widget\" data-widget_type=\"icon-box.default\">\n\t\t\t\t<div class=\"elementor-widget-container\">\n\t\t\t\t\t\t\t<div class=\"elementor-icon-box-wrapper\">\n\n\t\t\t\t\t\t<div class=\"elementor-icon-box-icon\">\n\t\t\t\t<span  class=\"elementor-icon\">\n\t\t\t\t<svg xmlns=\"http:\/\/www.w3.org\/2000\/svg\" width=\"37.785\" height=\"31.5\" viewBox=\"0 0 37.785 31.5\"><g id=\"mail\" transform=\"translate(0.75 0.75)\"><path id=\"Trac&#xE9;_15\" data-name=\"Trac&#xE9; 15\" d=\"M18.642-.25a3.153,3.153,0,0,1,1.533.377l17.359,9.93V31.25H-.25V10.057L17.107.128A3.154,3.154,0,0,1,18.642-.25ZM36.035,10.927l-16.6-9.5a1.824,1.824,0,0,0-1.583,0l-16.6,9.5V29.75H36.035Z\" transform=\"translate(-0.5 -0.5)\" fill=\"#ec1c24\"><\/path><path id=\"Trac&#xE9;_17\" data-name=\"Trac&#xE9; 17\" d=\"M57.6,21.247h0a.789.789,0,0,1,.788.788V41.91a.831.831,0,0,1-.83.83H56.387l.135-.523L37.947,31.975,57.223,21.345A.79.79,0,0,1,57.6,21.247Zm-.712,19.461V23.241L41.053,31.975Z\" transform=\"translate(-21.358 -11.997)\" fill=\"#ec1c24\"><\/path><path id=\"Trac&#xE9;_18\" data-name=\"Trac&#xE9; 18\" d=\"M39.538,21.247a.79.79,0,0,1,.381.1h0L59.2,31.974,40.62,42.217l.135.523H39.58a.831.831,0,0,1-.83-.83V22.035A.789.789,0,0,1,39.538,21.247ZM56.089,31.974,40.25,23.241V40.708Z\" transform=\"translate(-39.5 -11.997)\" fill=\"#ec1c24\"><\/path><\/g><\/svg>\t\t\t\t<\/span>\n\t\t\t<\/div>\n\t\t\t\n\t\t\t\t\t\t<div class=\"elementor-icon-box-content\">\n\n\t\t\t\t\t\t\t\t\t<h3 class=\"elementor-icon-box-title\">\n\t\t\t\t\t\t<span  >\n\t\t\t\t\t\t\tWrite to us\t\t\t\t\t\t<\/span>\n\t\t\t\t\t<\/h3>\n\t\t\t\t\n\t\t\t\t\t\t\t\t\t<p class=\"elementor-icon-box-description\">\n\t\t\t\t\t\tcontact@6eme-sens.tv\t\t\t\t\t<\/p>\n\t\t\t\t\n\t\t\t<\/div>\n\t\t\t\n\t\t<\/div>\n\t\t\t\t\t\t<\/div>\n\t\t\t\t<\/div>\n\t\t\t\t\t<\/div>\n\t\t<\/div>\n\t\t\t\t\t<\/div>\n\t\t<\/section>\n\t\t\t\t\t<\/div>\n\t\t<\/div>\n\t\t\t\t\t<\/div>\n\t\t<\/section>\n\t\t\t\t<section class=\"elementor-section elementor-top-section elementor-element elementor-element-b8923d1 elementor-section-boxed elementor-section-height-default elementor-section-height-default\" data-id=\"b8923d1\" data-element_type=\"section\">\n\t\t\t\t\t\t<div class=\"elementor-container elementor-column-gap-default\">\n\t\t\t\t\t<div class=\"elementor-column elementor-col-100 elementor-top-column elementor-element elementor-element-776b015\" data-id=\"776b015\" data-element_type=\"column\" data-settings=\"{&quot;background_background&quot;:&quot;classic&quot;}\">\n\t\t\t<div class=\"elementor-widget-wrap elementor-element-populated\">\n\t\t\t\t\t\t<div class=\"elementor-element elementor-element-d81354c de_scroll_animation_no elementor-widget elementor-widget-heading\" data-id=\"d81354c\" data-element_type=\"widget\" data-widget_type=\"heading.default\">\n\t\t\t\t<div class=\"elementor-widget-container\">\n\t\t\t\t\t<h3 class=\"elementor-heading-title elementor-size-default\">Need a quote?<\/h3>\t\t\t\t<\/div>\n\t\t\t\t<\/div>\n\t\t\t\t<div class=\"elementor-element elementor-element-85fdbfc de_scroll_animation_no elementor-widget elementor-widget-text-editor\" data-id=\"85fdbfc\" data-element_type=\"widget\" data-widget_type=\"text-editor.default\">\n\t\t\t\t<div class=\"elementor-widget-container\">\n\t\t\t\t\t\t\t\t\t<p>Please fill in the form below.<br \/>Your request will be processed as soon as possible.<\/p>\t\t\t\t\t\t\t\t<\/div>\n\t\t\t\t<\/div>\n\t\t\t\t<div class=\"elementor-element elementor-element-8748006 elementor-button-align-center de_scroll_animation_no elementor-widget elementor-widget-form\" data-id=\"8748006\" data-element_type=\"widget\" data-settings=\"{&quot;step_next_label&quot;:&quot;Suivant&quot;,&quot;step_previous_label&quot;:&quot;Pr\\u00e9c\\u00e9dent&quot;,&quot;step_type&quot;:&quot;number_text&quot;,&quot;step_icon_shape&quot;:&quot;circle&quot;}\" data-widget_type=\"form.default\">\n\t\t\t\t<div class=\"elementor-widget-container\">\n\t\t\t\t\t\t\t<form class=\"elementor-form\" method=\"post\" name=\"6eme SENS - Contact\">\n\t\t\t<input type=\"hidden\" name=\"post_id\" value=\"2566\"\/>\n\t\t\t<input type=\"hidden\" name=\"form_id\" value=\"8748006\"\/>\n\t\t\t<input type=\"hidden\" name=\"referer_title\" value=\"6eme SENS\" \/>\n\n\t\t\t\n\t\t\t<div class=\"elementor-form-fields-wrapper elementor-labels-\">\n\t\t\t\t\t\t\t\t<div class=\"elementor-field-type-text elementor-field-group elementor-column elementor-field-group-nom elementor-col-50 elementor-field-required\">\n\t\t\t\t\t\t\t\t\t\t\t\t<label for=\"form-field-nom\" class=\"elementor-field-label elementor-screen-only\">\n\t\t\t\t\t\t\t\tSurname\t\t\t\t\t\t\t<\/label>\n\t\t\t\t\t\t\t\t\t\t\t\t\t\t<input size=\"1\" type=\"text\" name=\"form_fields[nom]\" id=\"form-field-nom\" class=\"elementor-field elementor-size-sm  elementor-field-textual\" placeholder=\"Surname*\" required=\"required\">\n\t\t\t\t\t\t\t\t\t\t\t<\/div>\n\t\t\t\t\t\t\t\t<div class=\"elementor-field-type-text elementor-field-group elementor-column elementor-field-group-prenom elementor-col-50 elementor-field-required\">\n\t\t\t\t\t\t\t\t\t\t\t\t<label for=\"form-field-prenom\" class=\"elementor-field-label elementor-screen-only\">\n\t\t\t\t\t\t\t\tFirst name\t\t\t\t\t\t\t<\/label>\n\t\t\t\t\t\t\t\t\t\t\t\t\t\t<input size=\"1\" type=\"text\" name=\"form_fields[prenom]\" id=\"form-field-prenom\" class=\"elementor-field elementor-size-sm  elementor-field-textual\" placeholder=\"First name*\" required=\"required\">\n\t\t\t\t\t\t\t\t\t\t\t<\/div>\n\t\t\t\t\t\t\t\t<div class=\"elementor-field-type-email elementor-field-group elementor-column elementor-field-group-email elementor-col-50 elementor-field-required\">\n\t\t\t\t\t\t\t\t\t\t\t\t<label for=\"form-field-email\" class=\"elementor-field-label elementor-screen-only\">\n\t\t\t\t\t\t\t\tE-mail\t\t\t\t\t\t\t<\/label>\n\t\t\t\t\t\t\t\t\t\t\t\t\t\t<input size=\"1\" type=\"email\" name=\"form_fields[email]\" id=\"form-field-email\" class=\"elementor-field elementor-size-sm  elementor-field-textual\" placeholder=\"E-mail address*\" required=\"required\">\n\t\t\t\t\t\t\t\t\t\t\t<\/div>\n\t\t\t\t\t\t\t\t<div class=\"elementor-field-type-text elementor-field-group elementor-column elementor-field-group-tel elementor-col-50 elementor-field-required\">\n\t\t\t\t\t\t\t\t\t\t\t\t<label for=\"form-field-tel\" class=\"elementor-field-label elementor-screen-only\">\n\t\t\t\t\t\t\t\tPhone number\t\t\t\t\t\t\t<\/label>\n\t\t\t\t\t\t\t\t\t\t\t\t\t\t<input size=\"1\" type=\"text\" name=\"form_fields[tel]\" id=\"form-field-tel\" class=\"elementor-field elementor-size-sm  elementor-field-textual\" placeholder=\"Phone number\" required=\"required\">\n\t\t\t\t\t\t\t\t\t\t\t<\/div>\n\t\t\t\t\t\t\t\t<div class=\"elementor-field-type-textarea elementor-field-group elementor-column elementor-field-group-message elementor-col-100 elementor-field-required\">\n\t\t\t\t\t\t\t\t\t\t\t\t<label for=\"form-field-message\" class=\"elementor-field-label elementor-screen-only\">\n\t\t\t\t\t\t\t\tYour message\t\t\t\t\t\t\t<\/label>\n\t\t\t\t\t\t<textarea class=\"elementor-field-textual elementor-field  elementor-size-sm\" name=\"form_fields[message]\" id=\"form-field-message\" rows=\"4\" placeholder=\"Your message*\" required=\"required\"><\/textarea>\t\t\t\t<\/div>\n\t\t\t\t\t\t\t\t<div class=\"elementor-field-type-recaptcha_v3 elementor-field-group elementor-column elementor-field-group-field_95fdb6e elementor-col-100 recaptcha_v3-bottomright\">\n\t\t\t\t\t<div class=\"elementor-field\" id=\"form-field-field_95fdb6e\"><div class=\"elementor-g-recaptcha\" data-sitekey=\"6LeBsYsUAAAAAP-wzmR3gHEiwt46Phqntj1Xw7P1\" data-type=\"v3\" data-action=\"Form\" data-badge=\"bottomright\" data-size=\"invisible\"><\/div><\/div>\t\t\t\t<\/div>\n\t\t\t\t\t\t\t\t<div class=\"elementor-field-group elementor-column elementor-field-type-submit elementor-col-100 e-form__buttons\">\n\t\t\t\t\t<button class=\"elementor-button elementor-size-sm\" type=\"submit\">\n\t\t\t\t\t\t<span class=\"elementor-button-content-wrapper\">\n\t\t\t\t\t\t\t\t\t\t\t\t\t\t\t\t\t\t\t\t\t\t<span class=\"elementor-button-text\">Send message<\/span>\n\t\t\t\t\t\t\t\t\t\t\t\t\t<\/span>\n\t\t\t\t\t<\/button>\n\t\t\t\t<\/div>\n\t\t\t<\/div>\n\t\t<\/form>\n\t\t\t\t\t\t<\/div>\n\t\t\t\t<\/div>\n\t\t\t\t\t<\/div>\n\t\t<\/div>\n\t\t\t\t\t<\/div>\n\t\t<\/section>\n\t\t\t\t<\/div>\n\t\t","protected":false},"excerpt":{"rendered":"<p>Contact us Have a question? If you would like more information about our services and solutions, please contact our team: we will gladly review your project and make you a tailored proposal. Call us +33 (0)1 42 07 32 10 Write to us contact@6eme-sens.tv Need a quote? Please fill in the form below.Your request will [&hellip;]<\/p>\n","protected":false},"author":2,"featured_media":2485,"parent":0,"menu_order":0,"comment_status":"closed","ping_status":"closed","template":"elementor_header_footer","meta":{"_monsterinsights_skip_tracking":false,"_monsterinsights_sitenote_active":false,"_monsterinsights_sitenote_note":"","_monsterinsights_sitenote_category":0,"footnotes":""},"class_list":["post-2566","page","type-page","status-publish","has-post-thumbnail","hentry"],"yoast_head":"<!-- This site is optimized with the Yoast SEO plugin v24.4 - https:\/\/yoast.com\/wordpress\/plugins\/seo\/ -->\n<title>Contact us - 6eme SENS<\/title>\n<meta name=\"description\" content=\"Contact us - 6\u00e8me SENS: if you would like more information about our services and solutions, please contact us.\" \/>\n<meta name=\"robots\" content=\"index, follow, max-snippet:-1, max-image-preview:large, max-video-preview:-1\" \/>\n<link rel=\"canonical\" href=\"https:\/\/6eme-sens.tv\/en\/contact-6-sens\/\" \/>\n<meta property=\"og:locale\" content=\"en_US\" \/>\n<meta property=\"og:type\" content=\"article\" \/>\n<meta property=\"og:title\" content=\"Contact us - 6eme SENS\" \/>\n<meta property=\"og:description\" content=\"Contact us - 6\u00e8me SENS: if you would like more information about our services and solutions, please contact us.\" \/>\n<meta property=\"og:url\" content=\"https:\/\/6eme-sens.tv\/en\/contact-6-sens\/\" \/>\n<meta property=\"og:site_name\" content=\"6eme SENS\" \/>\n<meta property=\"article:publisher\" content=\"https:\/\/www.facebook.com\/6emesens\" \/>\n<meta property=\"article:modified_time\" content=\"2023-09-27T16:23:58+00:00\" \/>\n<meta property=\"og:image\" content=\"https:\/\/6eme-sens.tv\/wp-content\/uploads\/2023\/03\/6eme-sens-contact-1.jpg\" \/>\n\t<meta property=\"og:image:width\" content=\"1920\" \/>\n\t<meta property=\"og:image:height\" content=\"1229\" \/>\n\t<meta property=\"og:image:type\" content=\"image\/jpeg\" \/>\n<meta name=\"twitter:card\" content=\"summary_large_image\" \/>\n<meta name=\"twitter:label1\" content=\"Est. reading time\" \/>\n\t<meta name=\"twitter:data1\" content=\"1 minute\" \/>\n<script type=\"application\/ld+json\" class=\"yoast-schema-graph\">{\"@context\":\"https:\/\/schema.org\",\"@graph\":[{\"@type\":\"WebPage\",\"@id\":\"https:\/\/6eme-sens.tv\/en\/contact-6-sens\/\",\"url\":\"https:\/\/6eme-sens.tv\/en\/contact-6-sens\/\",\"name\":\"Contact us - 6eme SENS\",\"isPartOf\":{\"@id\":\"https:\/\/6eme-sens.tv\/#website\"},\"primaryImageOfPage\":{\"@id\":\"https:\/\/6eme-sens.tv\/en\/contact-6-sens\/#primaryimage\"},\"image\":{\"@id\":\"https:\/\/6eme-sens.tv\/en\/contact-6-sens\/#primaryimage\"},\"thumbnailUrl\":\"https:\/\/6eme-sens.tv\/wp-content\/uploads\/2023\/03\/6eme-sens-contact-1.jpg\",\"datePublished\":\"2023-03-30T15:19:05+00:00\",\"dateModified\":\"2023-09-27T16:23:58+00:00\",\"description\":\"Contact us - 6\u00e8me SENS: if you would like more information about our services and solutions, please contact us.\",\"breadcrumb\":{\"@id\":\"https:\/\/6eme-sens.tv\/en\/contact-6-sens\/#breadcrumb\"},\"inLanguage\":\"en-US\",\"potentialAction\":[{\"@type\":\"ReadAction\",\"target\":[\"https:\/\/6eme-sens.tv\/en\/contact-6-sens\/\"]}]},{\"@type\":\"ImageObject\",\"inLanguage\":\"en-US\",\"@id\":\"https:\/\/6eme-sens.tv\/en\/contact-6-sens\/#primaryimage\",\"url\":\"https:\/\/6eme-sens.tv\/wp-content\/uploads\/2023\/03\/6eme-sens-contact-1.jpg\",\"contentUrl\":\"https:\/\/6eme-sens.tv\/wp-content\/uploads\/2023\/03\/6eme-sens-contact-1.jpg\",\"width\":1920,\"height\":1229},{\"@type\":\"BreadcrumbList\",\"@id\":\"https:\/\/6eme-sens.tv\/en\/contact-6-sens\/#breadcrumb\",\"itemListElement\":[{\"@type\":\"ListItem\",\"position\":1,\"name\":\"Accueil\",\"item\":\"https:\/\/6eme-sens.tv\/en\/\"},{\"@type\":\"ListItem\",\"position\":2,\"name\":\"Contact us\"}]},{\"@type\":\"WebSite\",\"@id\":\"https:\/\/6eme-sens.tv\/#website\",\"url\":\"https:\/\/6eme-sens.tv\/\",\"name\":\"6eme SENS\",\"description\":\"Nos solutions audiovisuelles et digitales au c\u0153ur de vos \u00e9v\u00e9nements\",\"publisher\":{\"@id\":\"https:\/\/6eme-sens.tv\/#organization\"},\"potentialAction\":[{\"@type\":\"SearchAction\",\"target\":{\"@type\":\"EntryPoint\",\"urlTemplate\":\"https:\/\/6eme-sens.tv\/?s={search_term_string}\"},\"query-input\":{\"@type\":\"PropertyValueSpecification\",\"valueRequired\":true,\"valueName\":\"search_term_string\"}}],\"inLanguage\":\"en-US\"},{\"@type\":\"Organization\",\"@id\":\"https:\/\/6eme-sens.tv\/#organization\",\"name\":\"6eme SENS\",\"url\":\"https:\/\/6eme-sens.tv\/\",\"logo\":{\"@type\":\"ImageObject\",\"inLanguage\":\"en-US\",\"@id\":\"https:\/\/6eme-sens.tv\/#\/schema\/logo\/image\/\",\"url\":\"https:\/\/6eme-sens.tv\/wp-content\/uploads\/2023\/03\/6eme-sens-logo.png\",\"contentUrl\":\"https:\/\/6eme-sens.tv\/wp-content\/uploads\/2023\/03\/6eme-sens-logo.png\",\"width\":333,\"height\":109,\"caption\":\"6eme SENS\"},\"image\":{\"@id\":\"https:\/\/6eme-sens.tv\/#\/schema\/logo\/image\/\"},\"sameAs\":[\"https:\/\/www.facebook.com\/6emesens\",\"https:\/\/www.linkedin.com\/company\/6eme-sens\/\"]}]}<\/script>\n<!-- \/ Yoast SEO plugin. -->","yoast_head_json":{"title":"Contact us - 6eme SENS","description":"Contact us - 6\u00e8me SENS: if you would like more information about our services and solutions, please contact us.","robots":{"index":"index","follow":"follow","max-snippet":"max-snippet:-1","max-image-preview":"max-image-preview:large","max-video-preview":"max-video-preview:-1"},"canonical":"https:\/\/6eme-sens.tv\/en\/contact-6-sens\/","og_locale":"en_US","og_type":"article","og_title":"Contact us - 6eme SENS","og_description":"Contact us - 6\u00e8me SENS: if you would like more information about our services and solutions, please contact us.","og_url":"https:\/\/6eme-sens.tv\/en\/contact-6-sens\/","og_site_name":"6eme SENS","article_publisher":"https:\/\/www.facebook.com\/6emesens","article_modified_time":"2023-09-27T16:23:58+00:00","og_image":[{"width":1920,"height":1229,"url":"https:\/\/6eme-sens.tv\/wp-content\/uploads\/2023\/03\/6eme-sens-contact-1.jpg","type":"image\/jpeg"}],"twitter_card":"summary_large_image","twitter_misc":{"Est. reading time":"1 minute"},"schema":{"@context":"https:\/\/schema.org","@graph":[{"@type":"WebPage","@id":"https:\/\/6eme-sens.tv\/en\/contact-6-sens\/","url":"https:\/\/6eme-sens.tv\/en\/contact-6-sens\/","name":"Contact us - 6eme SENS","isPartOf":{"@id":"https:\/\/6eme-sens.tv\/#website"},"primaryImageOfPage":{"@id":"https:\/\/6eme-sens.tv\/en\/contact-6-sens\/#primaryimage"},"image":{"@id":"https:\/\/6eme-sens.tv\/en\/contact-6-sens\/#primaryimage"},"thumbnailUrl":"https:\/\/6eme-sens.tv\/wp-content\/uploads\/2023\/03\/6eme-sens-contact-1.jpg","datePublished":"2023-03-30T15:19:05+00:00","dateModified":"2023-09-27T16:23:58+00:00","description":"Contact us - 6\u00e8me SENS: if you would like more information about our services and solutions, please contact us.","breadcrumb":{"@id":"https:\/\/6eme-sens.tv\/en\/contact-6-sens\/#breadcrumb"},"inLanguage":"en-US","potentialAction":[{"@type":"ReadAction","target":["https:\/\/6eme-sens.tv\/en\/contact-6-sens\/"]}]},{"@type":"ImageObject","inLanguage":"en-US","@id":"https:\/\/6eme-sens.tv\/en\/contact-6-sens\/#primaryimage","url":"https:\/\/6eme-sens.tv\/wp-content\/uploads\/2023\/03\/6eme-sens-contact-1.jpg","contentUrl":"https:\/\/6eme-sens.tv\/wp-content\/uploads\/2023\/03\/6eme-sens-contact-1.jpg","width":1920,"height":1229},{"@type":"BreadcrumbList","@id":"https:\/\/6eme-sens.tv\/en\/contact-6-sens\/#breadcrumb","itemListElement":[{"@type":"ListItem","position":1,"name":"Accueil","item":"https:\/\/6eme-sens.tv\/en\/"},{"@type":"ListItem","position":2,"name":"Contact us"}]},{"@type":"WebSite","@id":"https:\/\/6eme-sens.tv\/#website","url":"https:\/\/6eme-sens.tv\/","name":"6eme SENS","description":"Nos solutions audiovisuelles et digitales au c\u0153ur de vos \u00e9v\u00e9nements","publisher":{"@id":"https:\/\/6eme-sens.tv\/#organization"},"potentialAction":[{"@type":"SearchAction","target":{"@type":"EntryPoint","urlTemplate":"https:\/\/6eme-sens.tv\/?s={search_term_string}"},"query-input":{"@type":"PropertyValueSpecification","valueRequired":true,"valueName":"search_term_string"}}],"inLanguage":"en-US"},{"@type":"Organization","@id":"https:\/\/6eme-sens.tv\/#organization","name":"6eme SENS","url":"https:\/\/6eme-sens.tv\/","logo":{"@type":"ImageObject","inLanguage":"en-US","@id":"https:\/\/6eme-sens.tv\/#\/schema\/logo\/image\/","url":"https:\/\/6eme-sens.tv\/wp-content\/uploads\/2023\/03\/6eme-sens-logo.png","contentUrl":"https:\/\/6eme-sens.tv\/wp-content\/uploads\/2023\/03\/6eme-sens-logo.png","width":333,"height":109,"caption":"6eme SENS"},"image":{"@id":"https:\/\/6eme-sens.tv\/#\/schema\/logo\/image\/"},"sameAs":["https:\/\/www.facebook.com\/6emesens","https:\/\/www.linkedin.com\/company\/6eme-sens\/"]}]}},"_links":{"self":[{"href":"https:\/\/6eme-sens.tv\/en\/wp-json\/wp\/v2\/pages\/2566","targetHints":{"allow":["GET"]}}],"collection":[{"href":"https:\/\/6eme-sens.tv\/en\/wp-json\/wp\/v2\/pages"}],"about":[{"href":"https:\/\/6eme-sens.tv\/en\/wp-json\/wp\/v2\/types\/page"}],"author":[{"embeddable":true,"href":"https:\/\/6eme-sens.tv\/en\/wp-json\/wp\/v2\/users\/2"}],"replies":[{"embeddable":true,"href":"https:\/\/6eme-sens.tv\/en\/wp-json\/wp\/v2\/comments?post=2566"}],"version-history":[{"count":5,"href":"https:\/\/6eme-sens.tv\/en\/wp-json\/wp\/v2\/pages\/2566\/revisions"}],"predecessor-version":[{"id":2771,"href":"https:\/\/6eme-sens.tv\/en\/wp-json\/wp\/v2\/pages\/2566\/revisions\/2771"}],"wp:featuredmedia":[{"embeddable":true,"href":"https:\/\/6eme-sens.tv\/en\/wp-json\/wp\/v2\/media\/2485"}],"wp:attachment":[{"href":"https:\/\/6eme-sens.tv\/en\/wp-json\/wp\/v2\/media?parent=2566"}],"curies":[{"name":"wp","href":"https:\/\/api.w.org\/{rel}","templated":true}]}}